{"id":8,"date":"2020-12-07T00:15:22","date_gmt":"2020-12-07T00:15:22","guid":{"rendered":"https:\/\/canoe.moxiworks.com\/sandy-liu\/get-advice-selling"},"modified":"2020-12-07T00:15:22","modified_gmt":"2020-12-07T00:15:22","slug":"get-advice-selling","status":"publish","type":"page","link":"https:\/\/sandy-liu.c21.ca\/fr-ca\/get-advice-selling","title":{"rendered":"VENDEURS"},"content":{"rendered":"\n<h1>\n\t\tPROFITEZ DE NOTRE SERVICE EN OR\n\t<\/h1>\n\t<p>La vente de votre propri\u00e9t\u00e9 peut \u00eatre une exp\u00e9rience accablante si votre courtier immobilier ne fait pas le poids.<\/p>\n<h1>\n\t\tPROFITEZ DE NOTRE SERVICE EN OR\n\t<\/h1>\n\t<p>La vente de votre propri\u00e9t\u00e9 peut \u00eatre une exp\u00e9rience accablante si votre courtier immobilier ne fait pas le poids.<\/p>\n\t\t\t\t<img decoding=\"async\" src=\"\/\/century21.agent.hub21.ca\/files\/2020\/12\/AdviceSelling.jpg\" alt=\"Advice Selling\" title=\"AdviceSelling\" \/>\n<h2>\n\t\tL\u00c0 POUR VOUS \u00c0 CHAQUE \u00c9TAPE\n\t<\/h2>\n\t<p>I will walk you through the market factors that could influence the price, preparation and promotion of your property, so that you can make an informed decision based on your needs. I will present you with a personalized marketing plan and use cutting-edge technological tools to expose your property to as many potential buyers as possible locally and internationally so that you get the best price for your property. I will rely on the worldwide reputation of CENTURY 21<sup>MD<\/sup> , one of the most renowned real estate brands, and my local expertise, to ensure the success of your real estate transaction.<\/p>\n\t\t\t\t<img decoding=\"async\" src=\"\/\/century21.agent.hub21.ca\/files\/2020\/12\/AdviceSelling.jpg\" alt=\"Advice Selling\" title=\"AdviceSelling\" \/>\n<h2>\n\t\tL\u00c0 POUR VOUS \u00c0 CHAQUE \u00c9TAPE\n\t<\/h2>\n\t<p>I will walk you through the market factors that could influence the price, preparation and promotion of your property, so that you can make an informed decision based on your needs. I will present you with a personalized marketing plan and use cutting-edge technological tools to expose your property to as many potential buyers as possible locally and internationally so that you get the best price for your property. I will rely on the worldwide reputation of CENTURY 21<sup>MD<\/sup>, one of the most renowned real estate brands, and my local expertise, to ensure the success of your real estate transaction.<\/p>\n<h2>\n\t\tL&#8217;AVANTAGE CENTURY 21\n\t<\/h2>\n<h4>\n\t\tVisibilit\u00e9 mondiale\n\t<\/h4>\n\t<p>Votre propri\u00e9t\u00e9 b\u00e9n\u00e9ficie d&#8217;une visibilit\u00e9 mondiale optimale, puisque votre inscription est publi\u00e9e dans votre r\u00e9gion et dans le monde entier. Chaque inscription CENTURY 21 est publi\u00e9e sur Century21Global.com, site Web accessible dans 36 pays et 18 langues.<\/p>\n<h4>\n\t\tPlan de marketing personnalis\u00e9\n\t<\/h4>\n\t<p>We will work with you to create a marketing plan that will get you the best price for your property. CENTURY 21 helps you effectively promote your listing and set yourself apart from the competition.<\/p>\n\t\t\t<a href=\"\/fr-ca\/about-me\" target=\"_self\" role=\"button\" rel=\"noopener noreferrer\">\n\t\t\t\t\t\t\tContactez-moi\n\t\t\t\t\t<\/a>\n\t\t\t\t<img decoding=\"async\" src=\"\/\/templates.c21canada.moxiworks.net\/files\/2021\/01\/GetAvice-2.jpg\" alt=\"GetAvice-2\" title=\"GetAvice-2\" \/>\n<h2>\n\t\tNOUVELLES DU QUARTIER\n\t<\/h2>\n\t<p>Vous voulez en savoir plus sur un quartier en particulier? Remplissez le formulaire pour d\u00e9marrer.<\/p>\n\t\t\t<a href=\"\/fr-ca\/neighborhood-news\" target=\"_self\" role=\"button\" rel=\"noopener noreferrer\">\n\t\t\t\t\t\t\tCOMMENCER\n\t\t\t\t\t<\/a>\n\t\t\t\t<img decoding=\"async\" src=\"https:\/\/templates.c21canada.moxiworks.net\/files\/2021\/02\/french_neighborhood-news-iphone-mockup-cropped-1024x942-1.png\" alt=\"french_neighborhood-news-iphone-mockup-cropped-1024x942\" height=\"942\" width=\"1024\" title=\"french_neighborhood-news-iphone-mockup-cropped-1024x942\" \/>\n<h2>\n\t\tPR\u00caT POUR LA PROCHAINE \u00c9TAPE?\n\t<\/h2>\n\t<p>Je me ferai un plaisir de vous aider \u00e0 r\u00e9aliser vos objectifs d&#8217;accession \u00e0 la propri\u00e9t\u00e9. Communiquez avec moi pour entamer vos d\u00e9marches d\u00e8s aujourd&#8217;hui. Ce que je propose :<\/p>\n\n","protected":false},"excerpt":{"rendered":"<p>PROFITEZ DE NOTRE SERVICE EN OR La vente de votre propri\u00e9t\u00e9 peut \u00eatre une exp\u00e9rience accablante si votre courtier immobilier ne fait pas le poids. PROFITEZ DE NOTRE SERVICE EN OR La vente de votre propri\u00e9t\u00e9 peut \u00eatre une exp\u00e9rience accablante si votre courtier immobilier ne fait pas le poids. L\u00c0 POUR VOUS \u00c0 CHAQUE [&hellip;]<\/p>\n","protected":false},"author":2,"featured_media":1856,"parent":0,"menu_order":0,"comment_status":"closed","ping_status":"closed","template":"","meta":{"footnotes":""},"class_list":["post-8","page","type-page","status-publish","has-post-thumbnail","hentry"],"_links":{"self":[{"href":"https:\/\/sandy-liu.c21.ca\/fr-ca\/wp-json\/wp\/v2\/pages\/8","targetHints":{"allow":["GET"]}}],"collection":[{"href":"https:\/\/sandy-liu.c21.ca\/fr-ca\/wp-json\/wp\/v2\/pages"}],"about":[{"href":"https:\/\/sandy-liu.c21.ca\/fr-ca\/wp-json\/wp\/v2\/types\/page"}],"author":[{"embeddable":true,"href":"https:\/\/sandy-liu.c21.ca\/fr-ca\/wp-json\/wp\/v2\/users\/2"}],"replies":[{"embeddable":true,"href":"https:\/\/sandy-liu.c21.ca\/fr-ca\/wp-json\/wp\/v2\/comments?post=8"}],"version-history":[{"count":0,"href":"https:\/\/sandy-liu.c21.ca\/fr-ca\/wp-json\/wp\/v2\/pages\/8\/revisions"}],"wp:featuredmedia":[{"embeddable":true,"href":"https:\/\/sandy-liu.c21.ca\/fr-ca\/wp-json\/"}],"wp:attachment":[{"href":"https:\/\/sandy-liu.c21.ca\/fr-ca\/wp-json\/wp\/v2\/media?parent=8"}],"curies":[{"name":"wp","href":"https:\/\/api.w.org\/{rel}","templated":true}]}}